{"id":45,"date":"2019-11-03T10:27:09","date_gmt":"2019-11-03T10:27:09","guid":{"rendered":"http:\/\/dieleichtsinnigen.de\/?page_id=45"},"modified":"2020-06-07T12:13:18","modified_gmt":"2020-06-07T12:13:18","slug":"krishna-sara-helmle","status":"publish","type":"page","link":"https:\/\/dieleichtsinnigen.de\/?page_id=45","title":{"rendered":"Krishna-Sara Helmle"},"content":{"rendered":"\n<figure class=\"wp-block-image\"><img fetchpriority=\"high\" decoding=\"async\" width=\"1024\" height=\"768\" src=\"http:\/\/dieleichtsinnigen.de\/wp-content\/uploads\/2019\/11\/P4200026-kleiner-1024x768.jpg\" alt=\"\" class=\"wp-image-46\" srcset=\"https:\/\/dieleichtsinnigen.de\/wp-content\/uploads\/2019\/11\/P4200026-kleiner-1024x768.jpg 1024w, https:\/\/dieleichtsinnigen.de\/wp-content\/uploads\/2019\/11\/P4200026-kleiner-300x225.jpg 300w, https:\/\/dieleichtsinnigen.de\/wp-content\/uploads\/2019\/11\/P4200026-kleiner-768x576.jpg 768w\" sizes=\"(max-width: 1024px) 100vw, 1024px\" \/><figcaption>Krishna-Sara Helmle ist Trainerin und \u00dcbersetzerin f\u00fcr Leichte Sprache.<\/figcaption><\/figure>\n\n\n\n<h2 class=\"wp-block-heading\">Seminare f\u00fcr Leichte Sprache<\/h2>\n\n\n\n<p>Im Seminar zeigen wir Ihnen die <strong>Regeln f\u00fcr Leichte Sprache<\/strong> oder f\u00fcr Einfache Sprache. Sie arbeiten praxisnah mit Ihren eigenen Texten und Situationen. Wir \u00fcberlegen mit Ihnen gemeinsam, wie Sie leicht verst\u00e4ndliche Kommunikation in Ihrer Organisation sinnvoll verankern.<\/p>\n\n\n\n<h2 class=\"wp-block-heading\">\u00dcbersetzungen in Leichte Sprache<\/h2>\n\n\n\n<p>Wir \u00fcbersetzen <strong>in Leichte und in Einfache Sprache<\/strong>, auch mit Pr\u00fcfgruppe. Das hat f\u00fcr Sie die folgenden Vorteile:<br>Sie erreichen neue und andere Zielgruppen. <br>Sie sparen Zeit und Geld, denn wenn Kunden oder B\u00fcrger Informationen sofort verstehen, verbrauchen Ihre Mitarbeiter nicht wertvolle Zeit f\u00fcr die immer gleichen Fragen. <br>Sie kommen als \u00f6ffentliche Einrichtung Ihrem gesetzlichen Auftrag nach barrierefrei zug\u00e4nglichen Informationen nach. <br>Ihr Internetauftritt wird besser gefunden, denn Google listet barrierefreie Webseiten weiter oben. <\/p>\n\n\n\n<h2 class=\"wp-block-heading\">Ver\u00e4nderungsprozesse<\/h2>\n\n\n\n<p>Wir entwickeln mit Ihnen <strong>Ver\u00e4nderungsprozesse<\/strong>, mit deren Hilfe Sie Verst\u00e4ndlichkeit und barrierefreie Kommunikation <strong>systematisch und langfristig<\/strong> in Ihrer Organisation etablieren k\u00f6nnen. Bei diesen Ver\u00e4nderungsprozessen schauen wir uns aus unterschiedlichen  Perspektiven an, wo es H\u00fcrden gibt und was wir tun k\u00f6nnen, um diese  dauerhaft zu beseitigen. <\/p>\n\n\n\n<h2 class=\"wp-block-heading\">Kontakt<\/h2>\n\n\n\n<p>Webseite: <a href=\"https:\/\/www.leicht-verstehen.de\" target=\"_blank\" rel=\"noreferrer noopener\">https:\/\/www.leicht-verstehen.de<\/a><br>E-Mail: <a href=\"mailto:krishna-sara.helmle@leicht-verstehen.de\">krishna-sara.helmle@leicht-verstehen.de<\/a><\/p>\n\n\n\n<figure class=\"wp-block-image is-resized\"><a href=\"https:\/\/www.leicht-verstehen.de\/\" target=\"_blank\" rel=\"noopener noreferrer\"><img decoding=\"async\" src=\"http:\/\/dieleichtsinnigen.de\/wp-content\/uploads\/2019\/11\/Logo-Textoeffner-web.jpg\" alt=\"\" class=\"wp-image-57\" width=\"338\" height=\"131\" srcset=\"https:\/\/dieleichtsinnigen.de\/wp-content\/uploads\/2019\/11\/Logo-Textoeffner-web.jpg 574w, https:\/\/dieleichtsinnigen.de\/wp-content\/uploads\/2019\/11\/Logo-Textoeffner-web-300x117.jpg 300w\" sizes=\"(max-width: 338px) 100vw, 338px\" \/><\/a><\/figure>\n","protected":false},"excerpt":{"rendered":"<p>Seminare f\u00fcr Leichte Sprache Im Seminar zeigen wir Ihnen die Regeln f\u00fcr Leichte Sprache oder f\u00fcr Einfache Sprache. Sie arbeiten praxisnah mit Ihren eigenen Texten und Situationen. Wir \u00fcberlegen mit Ihnen gemeinsam, wie Sie leicht verst\u00e4ndliche Kommunikation in Ihrer Organisation sinnvoll verankern. \u00dcbersetzungen in Leichte Sprache Wir \u00fcbersetzen in Leichte und in Einfache Sprache, auch [&hellip;]<\/p>\n","protected":false},"author":1,"featured_media":0,"parent":0,"menu_order":2,"comment_status":"closed","ping_status":"closed","template":"","meta":{"site-sidebar-layout":"default","site-content-layout":"default","ast-site-content-layout":"","site-content-style":"default","site-sidebar-style":"default","ast-global-header-display":"","ast-banner-title-visibility":"","ast-main-header-display":"","ast-hfb-above-header-display":"","ast-hfb-below-header-display":"","ast-hfb-mobile-header-display":"","site-post-title":"","ast-breadcrumbs-content":"","ast-featured-img":"","footer-sml-layout":"","theme-transparent-header-meta":"default","adv-header-id-meta":"","stick-header-meta":"","header-above-stick-meta":"","header-main-stick-meta":"","header-below-stick-meta":"","astra-migrate-meta-layouts":"default","ast-page-background-enabled":"default","ast-page-background-meta":{"desktop":{"background-color":"","background-image":"","background-repeat":"repeat","background-position":"center center","background-size":"auto","background-attachment":"scroll","background-type":"","background-media":"","overlay-type":"","overlay-color":"","overlay-gradient":""},"tablet":{"background-color":"","background-image":"","background-repeat":"repeat","background-position":"center center","background-size":"auto","background-attachment":"scroll","background-type":"","background-media":"","overlay-type":"","overlay-color":"","overlay-gradient":""},"mobile":{"background-color":"","background-image":"","background-repeat":"repeat","background-position":"center center","background-size":"auto","background-attachment":"scroll","background-type":"","background-media":"","overlay-type":"","overlay-color":"","overlay-gradient":""}},"ast-content-background-meta":{"desktop":{"background-color":"var(--ast-global-color-5)","background-image":"","background-repeat":"repeat","background-position":"center center","background-size":"auto","background-attachment":"scroll","background-type":"","background-media":"","overlay-type":"","overlay-color":"","overlay-gradient":""},"tablet":{"background-color":"var(--ast-global-color-5)","background-image":"","background-repeat":"repeat","background-position":"center center","background-size":"auto","background-attachment":"scroll","background-type":"","background-media":"","overlay-type":"","overlay-color":"","overlay-gradient":""},"mobile":{"background-color":"var(--ast-global-color-5)","background-image":"","background-repeat":"repeat","background-position":"center center","background-size":"auto","background-attachment":"scroll","background-type":"","background-media":"","overlay-type":"","overlay-color":"","overlay-gradient":""}},"footnotes":""},"_links":{"self":[{"href":"https:\/\/dieleichtsinnigen.de\/index.php?rest_route=\/wp\/v2\/pages\/45"}],"collection":[{"href":"https:\/\/dieleichtsinnigen.de\/index.php?rest_route=\/wp\/v2\/pages"}],"about":[{"href":"https:\/\/dieleichtsinnigen.de\/index.php?rest_route=\/wp\/v2\/types\/page"}],"author":[{"embeddable":true,"href":"https:\/\/dieleichtsinnigen.de\/index.php?rest_route=\/wp\/v2\/users\/1"}],"replies":[{"embeddable":true,"href":"https:\/\/dieleichtsinnigen.de\/index.php?rest_route=%2Fwp%2Fv2%2Fcomments&post=45"}],"version-history":[{"count":5,"href":"https:\/\/dieleichtsinnigen.de\/index.php?rest_route=\/wp\/v2\/pages\/45\/revisions"}],"predecessor-version":[{"id":96,"href":"https:\/\/dieleichtsinnigen.de\/index.php?rest_route=\/wp\/v2\/pages\/45\/revisions\/96"}],"wp:attachment":[{"href":"https:\/\/dieleichtsinnigen.de\/index.php?rest_route=%2Fwp%2Fv2%2Fmedia&parent=45"}],"curies":[{"name":"wp","href":"https:\/\/api.w.org\/{rel}","templated":true}]}}