{"id":39,"date":"2019-11-03T10:17:34","date_gmt":"2019-11-03T10:17:34","guid":{"rendered":"http:\/\/dieleichtsinnigen.de\/?page_id=39"},"modified":"2020-06-07T12:10:47","modified_gmt":"2020-06-07T12:10:47","slug":"anja-luetzen","status":"publish","type":"page","link":"https:\/\/dieleichtsinnigen.de\/?page_id=39","title":{"rendered":"Anja L\u00fctzen"},"content":{"rendered":"<p><\/p>\n\n\n<\/p>\n<figure><img fetchpriority=\"high\" decoding=\"async\" src=\"http:\/\/dieleichtsinnigen.de\/wp-content\/uploads\/2019\/11\/Anja-1-683x1024.jpg\" alt=\"Das ist Anja L\u00fctzen.\" width=\"348\" height=\"521\" \/>\n<p>\u00a0<\/p>\n<figcaption>Anja L\u00fctzen ist Dolmetscherin f\u00fcr Leichte Sprache.<\/figcaption>\n<\/figure>\n<p>\n\n\n<p><\/p>\n\n\n<\/p>\n<h2 class=\"wp-block-heading\">Dolmetscherin f\u00fcr Leichte Sprache<\/h2>\n<p>\n\n\n<p><\/p>\n\n\n<\/p>\n<p>Ein Fachvortrag ist schwer zu verstehen? Vor dieser Herausforderung stehen h\u00e4ufig Menschen mit Lernschwierigkeiten, Migranten oder auch Senioren. Aber das geh\u00f6rt jetzt der Vergangenheit an. Ich vereinfache m\u00fcndlich, inhaltlich schwierige Veranstaltungen, damit alle Menschen barrierefrei an der Gesellschaft teilhaben k\u00f6nnen.<\/p>\n<p>\n\n\n<p><\/p>\n\n\n<\/p>\n<h2 class=\"wp-block-heading\">Schriftdolmetscherin f\u00fcr Leichte Sprache<\/h2>\n<p>\n\n\n<p><\/p>\n\n<p>Ich mache Teilhabe f\u00fcr Menschen mit H\u00f6rsch\u00e4digung m\u00f6glich. <br \/>Oft kommen zwei Dinge zusammen: Ein Mensch h\u00f6rt schlecht und versteht die deutsche Sprache nur in einfacher Form. Als Schriftdolmetscherin f\u00fcr Leichte Sprache unterst\u00fctze ich diese Menschen:<br \/>\u2022 wenn der Mensch schlecht h\u00f6rt, schreibe ich mit,<br \/>\u2022 wenn der Mensch Inhalte nur schwer versteht, vereinfache ich gleichzeitig den Inhalt.<br \/>So sichere ich die Kommunikation von Menschen mit H\u00f6rsch\u00e4digung.<\/p>\n<h2 style=\"font-style: normal;\">Kontakt<\/h2>\n<p style=\"font-size: 15px; font-style: normal; font-weight: 400;\">Webseite:\u00a0<a style=\"font-size: 15px; background-color: #ffffff;\" href=\"https:\/\/easytoread.de\/\" target=\"_blank\" rel=\"noopener noreferrer\">https:\/\/easytoread.de<\/a><br \/>E-Mail:\u00a0<a style=\"font-size: 15px; background-color: #ffffff;\" href=\"mailto:aluetzen@easytoread.de\">aluetzen@easytoread.de<\/a><\/p>\n<p style=\"font-size: 15px; font-style: normal; font-weight: 400;\"><a href=\"https:\/\/easytoread.de\/\" target=\"_blank\" rel=\"noopener noreferrer\"><img decoding=\"async\" class=\"alignleft wp-image-77 size-medium\" src=\"http:\/\/dieleichtsinnigen.de\/wp-content\/uploads\/2020\/06\/Logo-1-300x162.png\" alt=\"\" width=\"300\" height=\"162\" srcset=\"https:\/\/dieleichtsinnigen.de\/wp-content\/uploads\/2020\/06\/Logo-1-300x162.png 300w, https:\/\/dieleichtsinnigen.de\/wp-content\/uploads\/2020\/06\/Logo-1-1024x552.png 1024w, https:\/\/dieleichtsinnigen.de\/wp-content\/uploads\/2020\/06\/Logo-1-768x414.png 768w, https:\/\/dieleichtsinnigen.de\/wp-content\/uploads\/2020\/06\/Logo-1-1536x828.png 1536w, https:\/\/dieleichtsinnigen.de\/wp-content\/uploads\/2020\/06\/Logo-1-2048x1105.png 2048w\" sizes=\"(max-width: 300px) 100vw, 300px\" \/><\/a><\/p>","protected":false},"excerpt":{"rendered":"<p>Dolmetscherin f\u00fcr Leichte Sprache Ein Fachvortrag ist schwer zu verstehen? Vor dieser Herausforderung stehen h\u00e4ufig Menschen mit Lernschwierigkeiten, Migranten oder auch Senioren. Aber das geh\u00f6rt jetzt der Vergangenheit an. Ich vereinfache m\u00fcndlich, inhaltlich schwierige Veranstaltungen, damit alle Menschen barrierefrei an der Gesellschaft teilhaben k\u00f6nnen. Schriftdolmetscherin f\u00fcr Leichte Sprache Ich mache Teilhabe f\u00fcr Menschen mit H\u00f6rsch\u00e4digung [&hellip;]<\/p>\n","protected":false},"author":1,"featured_media":0,"parent":0,"menu_order":3,"comment_status":"closed","ping_status":"closed","template":"","meta":{"site-sidebar-layout":"default","site-content-layout":"default","ast-site-content-layout":"","site-content-style":"default","site-sidebar-style":"default","ast-global-header-display":"","ast-banner-title-visibility":"","ast-main-header-display":"","ast-hfb-above-header-display":"","ast-hfb-below-header-display":"","ast-hfb-mobile-header-display":"","site-post-title":"","ast-breadcrumbs-content":"","ast-featured-img":"","footer-sml-layout":"","theme-transparent-header-meta":"default","adv-header-id-meta":"","stick-header-meta":"","header-above-stick-meta":"","header-main-stick-meta":"","header-below-stick-meta":"","astra-migrate-meta-layouts":"default","ast-page-background-enabled":"default","ast-page-background-meta":{"desktop":{"background-color":"","background-image":"","background-repeat":"repeat","background-position":"center center","background-size":"auto","background-attachment":"scroll","background-type":"","background-media":"","overlay-type":"","overlay-color":"","overlay-gradient":""},"tablet":{"background-color":"","background-image":"","background-repeat":"repeat","background-position":"center center","background-size":"auto","background-attachment":"scroll","background-type":"","background-media":"","overlay-type":"","overlay-color":"","overlay-gradient":""},"mobile":{"background-color":"","background-image":"","background-repeat":"repeat","background-position":"center center","background-size":"auto","background-attachment":"scroll","background-type":"","background-media":"","overlay-type":"","overlay-color":"","overlay-gradient":""}},"ast-content-background-meta":{"desktop":{"background-color":"var(--ast-global-color-5)","background-image":"","background-repeat":"repeat","background-position":"center center","background-size":"auto","background-attachment":"scroll","background-type":"","background-media":"","overlay-type":"","overlay-color":"","overlay-gradient":""},"tablet":{"background-color":"var(--ast-global-color-5)","background-image":"","background-repeat":"repeat","background-position":"center center","background-size":"auto","background-attachment":"scroll","background-type":"","background-media":"","overlay-type":"","overlay-color":"","overlay-gradient":""},"mobile":{"background-color":"var(--ast-global-color-5)","background-image":"","background-repeat":"repeat","background-position":"center center","background-size":"auto","background-attachment":"scroll","background-type":"","background-media":"","overlay-type":"","overlay-color":"","overlay-gradient":""}},"footnotes":""},"_links":{"self":[{"href":"https:\/\/dieleichtsinnigen.de\/index.php?rest_route=\/wp\/v2\/pages\/39"}],"collection":[{"href":"https:\/\/dieleichtsinnigen.de\/index.php?rest_route=\/wp\/v2\/pages"}],"about":[{"href":"https:\/\/dieleichtsinnigen.de\/index.php?rest_route=\/wp\/v2\/types\/page"}],"author":[{"embeddable":true,"href":"https:\/\/dieleichtsinnigen.de\/index.php?rest_route=\/wp\/v2\/users\/1"}],"replies":[{"embeddable":true,"href":"https:\/\/dieleichtsinnigen.de\/index.php?rest_route=%2Fwp%2Fv2%2Fcomments&post=39"}],"version-history":[{"count":30,"href":"https:\/\/dieleichtsinnigen.de\/index.php?rest_route=\/wp\/v2\/pages\/39\/revisions"}],"predecessor-version":[{"id":94,"href":"https:\/\/dieleichtsinnigen.de\/index.php?rest_route=\/wp\/v2\/pages\/39\/revisions\/94"}],"wp:attachment":[{"href":"https:\/\/dieleichtsinnigen.de\/index.php?rest_route=%2Fwp%2Fv2%2Fmedia&parent=39"}],"curies":[{"name":"wp","href":"https:\/\/api.w.org\/{rel}","templated":true}]}}