{"id":33,"date":"2019-11-03T10:06:25","date_gmt":"2019-11-03T10:06:25","guid":{"rendered":"http:\/\/dieleichtsinnigen.de\/?page_id=33"},"modified":"2020-06-07T12:14:10","modified_gmt":"2020-06-07T12:14:10","slug":"simone-fass","status":"publish","type":"page","link":"https:\/\/dieleichtsinnigen.de\/?page_id=33","title":{"rendered":"Simone Fass"},"content":{"rendered":"\n<figure class=\"wp-block-image\"><img fetchpriority=\"high\" decoding=\"async\" width=\"1024\" height=\"680\" src=\"http:\/\/dieleichtsinnigen.de\/wp-content\/uploads\/2019\/11\/Simone2-1024x680.jpg\" alt=\"\" class=\"wp-image-34\" srcset=\"https:\/\/dieleichtsinnigen.de\/wp-content\/uploads\/2019\/11\/Simone2-1024x680.jpg 1024w, https:\/\/dieleichtsinnigen.de\/wp-content\/uploads\/2019\/11\/Simone2-300x199.jpg 300w, https:\/\/dieleichtsinnigen.de\/wp-content\/uploads\/2019\/11\/Simone2-768x510.jpg 768w, https:\/\/dieleichtsinnigen.de\/wp-content\/uploads\/2019\/11\/Simone2.jpg 1200w\" sizes=\"(max-width: 1024px) 100vw, 1024px\" \/><figcaption>Simone Fass ist visuelle \u00dcbersetzerin<\/figcaption><\/figure>\n\n\n\n<h2 class=\"wp-block-heading\">Leichte Bilder f\u00fcr Leichte Sprache<\/h2>\n\n\n\n<p>Leichte Sprache muss nicht nur funktionieren, sie muss auch sch\u00f6n, angemessen und vielf\u00e4ltig sein. Ich biete individuell gestaltete Leichte Bilder, die modern und aussagekr\u00e4ftig sind und auf die Bed\u00fcrfnisse der Leserschaft eingehen.<\/p>\n\n\n\n<h2 class=\"wp-block-heading\">Leichte Bilder LIVE visualisiert<\/h2>\n\n\n\n<p>F\u00fcr mehr Teilhabe auf Konferenzen und in Workshops. Live-Visualisierungen fassen Konferenzen zusammen und unterst\u00fctzen Workshop-Prozesse. Ich biete Live-Visualisierungen in Leichten Bildern, die von Menschen mit Lernschwierigkeiten auch verstanden werden.<\/p>\n\n\n\n<h2 class=\"wp-block-heading\">Seminare zu Leichten Bildern<\/h2>\n\n\n\n<p>Auch Sie k\u00f6nnen visualisieren! Sprache allein st\u00f6\u00dft oft an ihre Grenzen. Oft sind es die ganz allt\u00e4glichen Themen,  die am wichtigsten sind und f\u00fcr die Bilder gebraucht werden. <br>In meinen Seminaren erfahren Sie, dass auch Sie einfache Symbole  zeichnen k\u00f6nnen. Sie bauen Hemmungen ab und finden Spa\u00df am Visualisieren.<\/p>\n\n\n\n<h2 class=\"wp-block-heading\">Kontakt<\/h2>\n\n\n\n<p>Webseite: <a href=\"https:\/\/simonefass.de\" target=\"_blank\" rel=\"noreferrer noopener\">https:\/\/simonefass.de<\/a><br>E-Mail: <a href=\"mailto:info@simonefass.de\">info@simonefass.de<\/a><\/p>\n\n\n\n<figure class=\"wp-block-image is-resized\"><a href=\"https:\/\/simonefass.de\" target=\"_blank\" rel=\"noopener noreferrer\"><img decoding=\"async\" src=\"http:\/\/dieleichtsinnigen.de\/wp-content\/uploads\/2019\/11\/Logo_SF.jpg\" alt=\"\" class=\"wp-image-54\" width=\"280\" height=\"73\"\/><\/a><\/figure>\n","protected":false},"excerpt":{"rendered":"<p>Leichte Bilder f\u00fcr Leichte Sprache Leichte Sprache muss nicht nur funktionieren, sie muss auch sch\u00f6n, angemessen und vielf\u00e4ltig sein. Ich biete individuell gestaltete Leichte Bilder, die modern und aussagekr\u00e4ftig sind und auf die Bed\u00fcrfnisse der Leserschaft eingehen. Leichte Bilder LIVE visualisiert F\u00fcr mehr Teilhabe auf Konferenzen und in Workshops. Live-Visualisierungen fassen Konferenzen zusammen und unterst\u00fctzen [&hellip;]<\/p>\n","protected":false},"author":1,"featured_media":0,"parent":0,"menu_order":1,"comment_status":"closed","ping_status":"closed","template":"","meta":{"site-sidebar-layout":"default","site-content-layout":"default","ast-site-content-layout":"","site-content-style":"default","site-sidebar-style":"default","ast-global-header-display":"","ast-banner-title-visibility":"","ast-main-header-display":"","ast-hfb-above-header-display":"","ast-hfb-below-header-display":"","ast-hfb-mobile-header-display":"","site-post-title":"","ast-breadcrumbs-content":"","ast-featured-img":"","footer-sml-layout":"","theme-transparent-header-meta":"default","adv-header-id-meta":"","stick-header-meta":"","header-above-stick-meta":"","header-main-stick-meta":"","header-below-stick-meta":"","astra-migrate-meta-layouts":"default","ast-page-background-enabled":"default","ast-page-background-meta":{"desktop":{"background-color":"","background-image":"","background-repeat":"repeat","background-position":"center center","background-size":"auto","background-attachment":"scroll","background-type":"","background-media":"","overlay-type":"","overlay-color":"","overlay-gradient":""},"tablet":{"background-color":"","background-image":"","background-repeat":"repeat","background-position":"center center","background-size":"auto","background-attachment":"scroll","background-type":"","background-media":"","overlay-type":"","overlay-color":"","overlay-gradient":""},"mobile":{"background-color":"","background-image":"","background-repeat":"repeat","background-position":"center center","background-size":"auto","background-attachment":"scroll","background-type":"","background-media":"","overlay-type":"","overlay-color":"","overlay-gradient":""}},"ast-content-background-meta":{"desktop":{"background-color":"var(--ast-global-color-5)","background-image":"","background-repeat":"repeat","background-position":"center center","background-size":"auto","background-attachment":"scroll","background-type":"","background-media":"","overlay-type":"","overlay-color":"","overlay-gradient":""},"tablet":{"background-color":"var(--ast-global-color-5)","background-image":"","background-repeat":"repeat","background-position":"center center","background-size":"auto","background-attachment":"scroll","background-type":"","background-media":"","overlay-type":"","overlay-color":"","overlay-gradient":""},"mobile":{"background-color":"var(--ast-global-color-5)","background-image":"","background-repeat":"repeat","background-position":"center center","background-size":"auto","background-attachment":"scroll","background-type":"","background-media":"","overlay-type":"","overlay-color":"","overlay-gradient":""}},"footnotes":""},"_links":{"self":[{"href":"https:\/\/dieleichtsinnigen.de\/index.php?rest_route=\/wp\/v2\/pages\/33"}],"collection":[{"href":"https:\/\/dieleichtsinnigen.de\/index.php?rest_route=\/wp\/v2\/pages"}],"about":[{"href":"https:\/\/dieleichtsinnigen.de\/index.php?rest_route=\/wp\/v2\/types\/page"}],"author":[{"embeddable":true,"href":"https:\/\/dieleichtsinnigen.de\/index.php?rest_route=\/wp\/v2\/users\/1"}],"replies":[{"embeddable":true,"href":"https:\/\/dieleichtsinnigen.de\/index.php?rest_route=%2Fwp%2Fv2%2Fcomments&post=33"}],"version-history":[{"count":5,"href":"https:\/\/dieleichtsinnigen.de\/index.php?rest_route=\/wp\/v2\/pages\/33\/revisions"}],"predecessor-version":[{"id":97,"href":"https:\/\/dieleichtsinnigen.de\/index.php?rest_route=\/wp\/v2\/pages\/33\/revisions\/97"}],"wp:attachment":[{"href":"https:\/\/dieleichtsinnigen.de\/index.php?rest_route=%2Fwp%2Fv2%2Fmedia&parent=33"}],"curies":[{"name":"wp","href":"https:\/\/api.w.org\/{rel}","templated":true}]}}